{"id":34,"date":"2024-06-14T13:59:37","date_gmt":"2024-06-14T11:59:37","guid":{"rendered":"https:\/\/www.denis-burell.com\/index.php\/candybox-about\/"},"modified":"2024-09-18T22:16:00","modified_gmt":"2024-09-18T20:16:00","slug":"presentation","status":"publish","type":"page","link":"https:\/\/www.denis-burell.com\/index.php\/presentation\/","title":{"rendered":"Pr\u00e9sentation"},"content":{"rendered":"\t\t<div data-elementor-type=\"wp-page\" data-elementor-id=\"34\" class=\"elementor elementor-34\">\n\t\t\t\t<div class=\"elementor-element elementor-element-fd2a649 e-flex e-con-boxed elementor-invisible e-con e-parent\" data-id=\"fd2a649\" data-element_type=\"container\" data-e-type=\"container\" data-settings=\"{&quot;animation&quot;:&quot;slideInRight&quot;}\">\n\t\t\t\t\t<div class=\"e-con-inner\">\n\t\t\t\t<div class=\"elementor-element elementor-element-47c7e59 elementor-invisible elementor-widget elementor-widget-heading\" data-id=\"47c7e59\" data-element_type=\"widget\" data-e-type=\"widget\" data-settings=\"{&quot;_animation&quot;:&quot;slideInRight&quot;}\" data-widget_type=\"heading.default\">\n\t\t\t\t<div class=\"elementor-widget-container\">\n\t\t\t\t\t<h2 class=\"elementor-heading-title elementor-size-default\">Denis Burell<\/h2>\t\t\t\t<\/div>\n\t\t\t\t<\/div>\n\t\t\t\t<div class=\"elementor-element elementor-element-0a5f522 elementor-widget elementor-widget-spacer\" data-id=\"0a5f522\" data-element_type=\"widget\" data-e-type=\"widget\" data-widget_type=\"spacer.default\">\n\t\t\t\t<div class=\"elementor-widget-container\">\n\t\t\t\t\t\t\t<div class=\"elementor-spacer\">\n\t\t\t<div class=\"elementor-spacer-inner\"><\/div>\n\t\t<\/div>\n\t\t\t\t\t\t<\/div>\n\t\t\t\t<\/div>\n\t\t\t\t\t<\/div>\n\t\t\t\t<\/div>\n\t\t<div class=\"elementor-element elementor-element-863e75c e-flex e-con-boxed elementor-invisible e-con e-parent\" data-id=\"863e75c\" data-element_type=\"container\" data-e-type=\"container\" data-settings=\"{&quot;animation&quot;:&quot;slideInUp&quot;}\">\n\t\t\t\t\t<div class=\"e-con-inner\">\n\t\t<div class=\"elementor-element elementor-element-7e47994 e-con-full e-flex e-con e-child\" data-id=\"7e47994\" data-element_type=\"container\" data-e-type=\"container\">\n\t\t\t\t<div class=\"elementor-element elementor-element-17db54f elementor-widget elementor-widget-heading\" data-id=\"17db54f\" data-element_type=\"widget\" data-e-type=\"widget\" data-widget_type=\"heading.default\">\n\t\t\t\t<div class=\"elementor-widget-container\">\n\t\t\t\t\t<h2 class=\"elementor-heading-title elementor-size-default\">Conservatoire et orchestre<\/h2>\t\t\t\t<\/div>\n\t\t\t\t<\/div>\n\t\t\t\t<div class=\"elementor-element elementor-element-f049cdb elementor-widget elementor-widget-text-editor\" data-id=\"f049cdb\" data-element_type=\"widget\" data-e-type=\"widget\" data-widget_type=\"text-editor.default\">\n\t\t\t\t<div class=\"elementor-widget-container\">\n\t\t\t\t\t\t\t\t\t<p>Professeur de musique ind\u00e9pendant, compositeur, pianiste de jazz. D&#8217;abord form\u00e9 \u00e0 l&#8217;accord\u00e9on puis au piano et apr\u00e8s ses \u00e9tudes au CNR de Rouen en percussion, solf\u00e8ge et \u00e9criture.<\/p><p>Denis Burell se lance dans l&#8217;enseignement qu&#8217;il ne quittera jamais et poursuit parall\u00e8lement une carri\u00e8re de musicien comme pianiste\/clavi\u00e9riste dans un orchestre de spectacle\/vari\u00e9t\u00e9, dirigera un big-band de jazz-rock, int\u00e8grera un quintet de jazz bebop.<\/p>\t\t\t\t\t\t\t\t<\/div>\n\t\t\t\t<\/div>\n\t\t\t\t<\/div>\n\t\t<div class=\"elementor-element elementor-element-78f3150 e-con-full e-flex e-con e-child\" data-id=\"78f3150\" data-element_type=\"container\" data-e-type=\"container\">\n\t\t\t\t<div class=\"elementor-element elementor-element-a7c57bf elementor-widget elementor-widget-image\" data-id=\"a7c57bf\" data-element_type=\"widget\" data-e-type=\"widget\" data-widget_type=\"image.default\">\n\t\t\t\t<div class=\"elementor-widget-container\">\n\t\t\t\t\t\t\t\t\t\t\t\t\t\t\t<img fetchpriority=\"high\" decoding=\"async\" width=\"640\" height=\"480\" src=\"https:\/\/www.denis-burell.com\/wp-content\/uploads\/2024\/06\/DSCF5197-1024x768.jpg\" class=\"attachment-large size-large wp-image-156\" alt=\"\" srcset=\"https:\/\/www.denis-burell.com\/wp-content\/uploads\/2024\/06\/DSCF5197-1024x768.jpg 1024w, https:\/\/www.denis-burell.com\/wp-content\/uploads\/2024\/06\/DSCF5197-300x225.jpg 300w, https:\/\/www.denis-burell.com\/wp-content\/uploads\/2024\/06\/DSCF5197-768x576.jpg 768w, https:\/\/www.denis-burell.com\/wp-content\/uploads\/2024\/06\/DSCF5197-1536x1152.jpg 1536w, https:\/\/www.denis-burell.com\/wp-content\/uploads\/2024\/06\/DSCF5197-2048x1536.jpg 2048w, https:\/\/www.denis-burell.com\/wp-content\/uploads\/2024\/06\/DSCF5197-360x270.jpg 360w\" sizes=\"(max-width: 640px) 100vw, 640px\" \/>\t\t\t\t\t\t\t\t\t\t\t\t\t\t\t<\/div>\n\t\t\t\t<\/div>\n\t\t\t\t<\/div>\n\t\t\t\t\t<\/div>\n\t\t\t\t<\/div>\n\t\t<div class=\"elementor-element elementor-element-dec9a3d e-flex e-con-boxed elementor-invisible e-con e-parent\" data-id=\"dec9a3d\" data-element_type=\"container\" data-e-type=\"container\" data-settings=\"{&quot;animation&quot;:&quot;slideInLeft&quot;}\">\n\t\t\t\t\t<div class=\"e-con-inner\">\n\t\t<div class=\"elementor-element elementor-element-5c1106a e-con-full e-flex e-con e-child\" data-id=\"5c1106a\" data-element_type=\"container\" data-e-type=\"container\">\n\t\t\t\t<div class=\"elementor-element elementor-element-dea2555 elementor-widget elementor-widget-image\" data-id=\"dea2555\" data-element_type=\"widget\" data-e-type=\"widget\" data-widget_type=\"image.default\">\n\t\t\t\t<div class=\"elementor-widget-container\">\n\t\t\t\t\t\t\t\t\t\t\t\t\t\t\t<img decoding=\"async\" width=\"640\" height=\"427\" src=\"https:\/\/www.denis-burell.com\/wp-content\/uploads\/2024\/06\/Radio-Studio-HD-Wallpaper-1024x683.jpg\" class=\"attachment-large size-large wp-image-127\" alt=\"\" srcset=\"https:\/\/www.denis-burell.com\/wp-content\/uploads\/2024\/06\/Radio-Studio-HD-Wallpaper-1024x683.jpg 1024w, https:\/\/www.denis-burell.com\/wp-content\/uploads\/2024\/06\/Radio-Studio-HD-Wallpaper-300x200.jpg 300w, https:\/\/www.denis-burell.com\/wp-content\/uploads\/2024\/06\/Radio-Studio-HD-Wallpaper-768x512.jpg 768w, https:\/\/www.denis-burell.com\/wp-content\/uploads\/2024\/06\/Radio-Studio-HD-Wallpaper-1536x1024.jpg 1536w, https:\/\/www.denis-burell.com\/wp-content\/uploads\/2024\/06\/Radio-Studio-HD-Wallpaper-2048x1366.jpg 2048w\" sizes=\"(max-width: 640px) 100vw, 640px\" \/>\t\t\t\t\t\t\t\t\t\t\t\t\t\t\t<\/div>\n\t\t\t\t<\/div>\n\t\t\t\t<\/div>\n\t\t<div class=\"elementor-element elementor-element-30d9a96 e-con-full e-flex e-con e-child\" data-id=\"30d9a96\" data-element_type=\"container\" data-e-type=\"container\">\n\t\t\t\t<div class=\"elementor-element elementor-element-853b2d3 elementor-widget elementor-widget-heading\" data-id=\"853b2d3\" data-element_type=\"widget\" data-e-type=\"widget\" data-widget_type=\"heading.default\">\n\t\t\t\t<div class=\"elementor-widget-container\">\n\t\t\t\t\t<h2 class=\"elementor-heading-title elementor-size-default\">Studio d'enregistrement et arrangeur<\/h2>\t\t\t\t<\/div>\n\t\t\t\t<\/div>\n\t\t\t\t<div class=\"elementor-element elementor-element-80d651a elementor-widget elementor-widget-text-editor\" data-id=\"80d651a\" data-element_type=\"widget\" data-e-type=\"widget\" data-widget_type=\"text-editor.default\">\n\t\t\t\t<div class=\"elementor-widget-container\">\n\t\t\t\t\t\t\t\t\t<p>Durant une vingtaine d&#8217;ann\u00e9es, il dirige son studio d&#8217;enregistrement o\u00f9 il collabore comme compositeur et\/ou arrangeur avec diff\u00e9rents artistes r\u00e9gionaux et \u00e9trangers, cr\u00e9e des jingles radiophoniques et autres \u0153uvres aux destins aussi divers que vari\u00e9s : certaines de ses compositions et de ses arrangements se retrouvent en Afrique, Allemagne, en Ha\u00efti notamment ou comme r\u00e9cemment dans un film prim\u00e9 \u00e0 Cannes et \u00e0 l&#8217;international.\u200b<\/p>\t\t\t\t\t\t\t\t<\/div>\n\t\t\t\t<\/div>\n\t\t\t\t<\/div>\n\t\t\t\t\t<\/div>\n\t\t\t\t<\/div>\n\t\t<div class=\"elementor-element elementor-element-a0dead4 e-flex e-con-boxed elementor-invisible e-con e-parent\" data-id=\"a0dead4\" data-element_type=\"container\" data-e-type=\"container\" data-settings=\"{&quot;animation&quot;:&quot;slideInRight&quot;}\">\n\t\t\t\t\t<div class=\"e-con-inner\">\n\t\t<div class=\"elementor-element elementor-element-a2e1baf e-con-full e-flex e-con e-child\" data-id=\"a2e1baf\" data-element_type=\"container\" data-e-type=\"container\">\n\t\t\t\t<div class=\"elementor-element elementor-element-652153d elementor-widget__width-initial elementor-widget elementor-widget-heading\" data-id=\"652153d\" data-element_type=\"widget\" data-e-type=\"widget\" data-widget_type=\"heading.default\">\n\t\t\t\t<div class=\"elementor-widget-container\">\n\t\t\t\t\t<h2 class=\"elementor-heading-title elementor-size-default\">Enseignement et Trio Jazz<\/h2>\t\t\t\t<\/div>\n\t\t\t\t<\/div>\n\t\t\t\t<div class=\"elementor-element elementor-element-4b6569c elementor-widget elementor-widget-text-editor\" data-id=\"4b6569c\" data-element_type=\"widget\" data-e-type=\"widget\" data-widget_type=\"text-editor.default\">\n\t\t\t\t<div class=\"elementor-widget-container\">\n\t\t\t\t\t\t\t\t\t<p>Actuellement toujours dans l&#8217;enseignement du piano sp\u00e9cialis\u00e9 blues, jazz, boogie, rag, et leader de son groupe de jazz <strong>Denis Burell Trio<\/strong> et occasionnellement accompagnateur d\u2019artistes de jazz , Denis Burell compose et enrichit son catalogue d\u00e9j\u00e0 fourni de plus de quatre-vingts \u0153uvres.\u200b<\/p>\t\t\t\t\t\t\t\t<\/div>\n\t\t\t\t<\/div>\n\t\t\t\t<\/div>\n\t\t<div class=\"elementor-element elementor-element-41788e8 e-con-full e-flex e-con e-child\" data-id=\"41788e8\" data-element_type=\"container\" data-e-type=\"container\">\n\t\t\t\t<div class=\"elementor-element elementor-element-44880e6 elementor-widget elementor-widget-image\" data-id=\"44880e6\" data-element_type=\"widget\" data-e-type=\"widget\" data-widget_type=\"image.default\">\n\t\t\t\t<div class=\"elementor-widget-container\">\n\t\t\t\t\t\t\t\t\t\t\t\t\t\t\t<img decoding=\"async\" width=\"640\" height=\"427\" src=\"https:\/\/www.denis-burell.com\/wp-content\/uploads\/2024\/06\/Trio-2-scaled.jpg\" class=\"attachment-large size-large wp-image-220\" alt=\"\" srcset=\"https:\/\/www.denis-burell.com\/wp-content\/uploads\/2024\/06\/Trio-2-scaled.jpg 2560w, https:\/\/www.denis-burell.com\/wp-content\/uploads\/2024\/06\/Trio-2-300x200.jpg 300w\" sizes=\"(max-width: 640px) 100vw, 640px\" \/>\t\t\t\t\t\t\t\t\t\t\t\t\t\t\t<\/div>\n\t\t\t\t<\/div>\n\t\t\t\t<\/div>\n\t\t\t\t\t<\/div>\n\t\t\t\t<\/div>\n\t\t\t\t<\/div>\n\t\t","protected":false},"excerpt":{"rendered":"<p>Denis Burell Conservatoire et orchestre Professeur de musique ind\u00e9pendant, compositeur, pianiste de jazz. D&#8217;abord form\u00e9 \u00e0 l&#8217;accord\u00e9on puis au piano et apr\u00e8s ses \u00e9tudes au [&hellip;]<\/p>\n","protected":false},"author":1,"featured_media":0,"parent":0,"menu_order":0,"comment_status":"closed","ping_status":"closed","template":"elementor_header_footer","meta":{"om_disable_all_campaigns":false,"_monsterinsights_skip_tracking":false,"_monsterinsights_sitenote_active":false,"_monsterinsights_sitenote_note":"","_monsterinsights_sitenote_category":0,"footnotes":""},"class_list":["post-34","page","type-page","status-publish","hentry"],"aioseo_notices":[],"_links":{"self":[{"href":"https:\/\/www.denis-burell.com\/index.php\/wp-json\/wp\/v2\/pages\/34","targetHints":{"allow":["GET"]}}],"collection":[{"href":"https:\/\/www.denis-burell.com\/index.php\/wp-json\/wp\/v2\/pages"}],"about":[{"href":"https:\/\/www.denis-burell.com\/index.php\/wp-json\/wp\/v2\/types\/page"}],"author":[{"embeddable":true,"href":"https:\/\/www.denis-burell.com\/index.php\/wp-json\/wp\/v2\/users\/1"}],"replies":[{"embeddable":true,"href":"https:\/\/www.denis-burell.com\/index.php\/wp-json\/wp\/v2\/comments?post=34"}],"version-history":[{"count":41,"href":"https:\/\/www.denis-burell.com\/index.php\/wp-json\/wp\/v2\/pages\/34\/revisions"}],"predecessor-version":[{"id":407,"href":"https:\/\/www.denis-burell.com\/index.php\/wp-json\/wp\/v2\/pages\/34\/revisions\/407"}],"wp:attachment":[{"href":"https:\/\/www.denis-burell.com\/index.php\/wp-json\/wp\/v2\/media?parent=34"}],"curies":[{"name":"wp","href":"https:\/\/api.w.org\/{rel}","templated":true}]}}