{"id":37,"date":"2024-06-14T13:59:37","date_gmt":"2024-06-14T11:59:37","guid":{"rendered":"https:\/\/www.denis-burell.com\/index.php\/candybox-services\/"},"modified":"2024-09-18T22:54:12","modified_gmt":"2024-09-18T20:54:12","slug":"compositeur","status":"publish","type":"page","link":"https:\/\/www.denis-burell.com\/index.php\/compositeur\/","title":{"rendered":"Compositeur, arrangeur"},"content":{"rendered":"\t\t<div data-elementor-type=\"wp-page\" data-elementor-id=\"37\" class=\"elementor elementor-37\">\n\t\t\t\t<div class=\"elementor-element elementor-element-3e2c027 e-flex e-con-boxed elementor-invisible e-con e-parent\" data-id=\"3e2c027\" data-element_type=\"container\" data-e-type=\"container\" data-settings=\"{&quot;animation&quot;:&quot;fadeIn&quot;}\">\n\t\t\t\t\t<div class=\"e-con-inner\">\n\t\t<div class=\"elementor-element elementor-element-f7f5a10 e-con-full e-flex e-con e-child\" data-id=\"f7f5a10\" data-element_type=\"container\" data-e-type=\"container\">\n\t\t\t\t<div class=\"elementor-element elementor-element-03f97d8 elementor-widget elementor-widget-image\" data-id=\"03f97d8\" data-element_type=\"widget\" data-e-type=\"widget\" data-widget_type=\"image.default\">\n\t\t\t\t<div class=\"elementor-widget-container\">\n\t\t\t\t\t\t\t\t\t\t\t\t\t\t\t<img fetchpriority=\"high\" decoding=\"async\" width=\"640\" height=\"420\" src=\"https:\/\/www.denis-burell.com\/wp-content\/uploads\/2024\/09\/photo-de-classe-papa-cm2.webp\" class=\"attachment-large size-large wp-image-412\" alt=\"\" srcset=\"https:\/\/www.denis-burell.com\/wp-content\/uploads\/2024\/09\/photo-de-classe-papa-cm2.webp 750w, https:\/\/www.denis-burell.com\/wp-content\/uploads\/2024\/09\/photo-de-classe-papa-cm2-300x197.webp 300w\" sizes=\"(max-width: 640px) 100vw, 640px\" \/>\t\t\t\t\t\t\t\t\t\t\t\t\t\t\t<\/div>\n\t\t\t\t<\/div>\n\t\t\t\t<\/div>\n\t\t<div class=\"elementor-element elementor-element-d5ac2a3 e-con-full e-flex e-con e-child\" data-id=\"d5ac2a3\" data-element_type=\"container\" data-e-type=\"container\">\n\t\t\t\t<div class=\"elementor-element elementor-element-43c4146 elementor-widget elementor-widget-text-editor\" data-id=\"43c4146\" data-element_type=\"widget\" data-e-type=\"widget\" data-widget_type=\"text-editor.default\">\n\t\t\t\t<div class=\"elementor-widget-container\">\n\t\t\t\t\t\t\t\t\t<p>Premi\u00e8res compositions d\u00e8s l\u2019\u00e2ge de 11 ans sous forme de petites valses et marches puis adolescent quelques \u0153uvres plus solennelles comme un Largo et un Adagio d\u00e9di\u00e9s \u00e0 son grand-p\u00e8re.<\/p><p>Tout en continuant d\u2019arranger dans son groupe de vari\u00e9t\u00e9\/spectacle, et pendant 20 ann\u00e9es dirige son studio d\u2019enregistrement MUSITEL, des artistes font appel \u00e0 ses talents d\u2019arrangeur pour habiller des chansons populaires ou des musiques pour spectacle.<\/p><p>Sa situation l\u2019am\u00e8ne naturellement \u00e0 composer pour la publicit\u00e9 d\u2019entreprise, institutionnelle et radiophonique.<\/p>\t\t\t\t\t\t\t\t<\/div>\n\t\t\t\t<\/div>\n\t\t\t\t<\/div>\n\t\t\t\t\t<\/div>\n\t\t\t\t<\/div>\n\t\t<div class=\"elementor-element elementor-element-1876507 e-flex e-con-boxed elementor-invisible e-con e-parent\" data-id=\"1876507\" data-element_type=\"container\" data-e-type=\"container\" data-settings=\"{&quot;background_background&quot;:&quot;classic&quot;,&quot;animation&quot;:&quot;slideInLeft&quot;}\">\n\t\t\t\t\t<div class=\"e-con-inner\">\n\t\t<div class=\"elementor-element elementor-element-01cbd9b e-con-full e-flex e-con e-child\" data-id=\"01cbd9b\" data-element_type=\"container\" data-e-type=\"container\">\n\t\t\t\t<div class=\"elementor-element elementor-element-43e69f4 elementor-widget elementor-widget-text-editor\" data-id=\"43e69f4\" data-element_type=\"widget\" data-e-type=\"widget\" data-widget_type=\"text-editor.default\">\n\t\t\t\t<div class=\"elementor-widget-container\">\n\t\t\t\t\t\t\t\t\t<p>Gardant son amour du jazz, dans les 90\u2019s prend la direction d\u2019orchestre du big band Jazz\/Rock<strong>\u00a0<a href=\"https:\/\/www.youtube.com\/watch?v=unknTOfmi1E&amp;ab_channel=FRENCHVORTEX\">\u00c9vreux eXperYenZ<\/a>\u00a0<\/strong>et arrange pour cette formation de 12 musiciens o\u00f9 r\u00e9\u00e9crire des \u0153uvres de Randy Brecker (Brecker Brothers), Mike Mainieri (Steps Ahead), Russel Ferrante (The Yellows Jackets), David Sanborn, Donald Fagen\u2026 s\u2019av\u00e8re une exp\u00e9rience des plus enrichissantes.<\/p>\t\t\t\t\t\t\t\t<\/div>\n\t\t\t\t<\/div>\n\t\t\t\t<\/div>\n\t\t<div class=\"elementor-element elementor-element-3a11de4 e-con-full e-flex e-con e-child\" data-id=\"3a11de4\" data-element_type=\"container\" data-e-type=\"container\">\n\t\t\t\t<div class=\"elementor-element elementor-element-5ff787e elementor-widget elementor-widget-image\" data-id=\"5ff787e\" data-element_type=\"widget\" data-e-type=\"widget\" data-widget_type=\"image.default\">\n\t\t\t\t<div class=\"elementor-widget-container\">\n\t\t\t\t\t\t\t\t\t\t\t\t\t\t\t<img decoding=\"async\" width=\"474\" height=\"355\" src=\"https:\/\/www.denis-burell.com\/wp-content\/uploads\/2024\/09\/evreux-EXperYenZ.webp\" class=\"attachment-large size-large wp-image-413\" alt=\"\" srcset=\"https:\/\/www.denis-burell.com\/wp-content\/uploads\/2024\/09\/evreux-EXperYenZ.webp 474w, https:\/\/www.denis-burell.com\/wp-content\/uploads\/2024\/09\/evreux-EXperYenZ-300x225.webp 300w, https:\/\/www.denis-burell.com\/wp-content\/uploads\/2024\/09\/evreux-EXperYenZ-360x270.webp 360w\" sizes=\"(max-width: 474px) 100vw, 474px\" \/>\t\t\t\t\t\t\t\t\t\t\t\t\t\t\t<\/div>\n\t\t\t\t<\/div>\n\t\t\t\t<\/div>\n\t\t\t\t\t<\/div>\n\t\t\t\t<\/div>\n\t\t<div class=\"elementor-element elementor-element-92f81a5 e-flex e-con-boxed elementor-invisible e-con e-parent\" data-id=\"92f81a5\" data-element_type=\"container\" data-e-type=\"container\" data-settings=\"{&quot;animation&quot;:&quot;slideInRight&quot;}\">\n\t\t\t\t\t<div class=\"e-con-inner\">\n\t\t<div class=\"elementor-element elementor-element-707e94f e-con-full e-flex e-con e-child\" data-id=\"707e94f\" data-element_type=\"container\" data-e-type=\"container\">\n\t\t\t\t<div class=\"elementor-element elementor-element-f04be02 elementor-widget elementor-widget-image\" data-id=\"f04be02\" data-element_type=\"widget\" data-e-type=\"widget\" data-widget_type=\"image.default\">\n\t\t\t\t<div class=\"elementor-widget-container\">\n\t\t\t\t\t\t\t\t\t\t\t\t\t\t\t<img decoding=\"async\" width=\"599\" height=\"529\" src=\"https:\/\/www.denis-burell.com\/wp-content\/uploads\/2024\/09\/R-13309112-1551815556-8705.jpg\" class=\"attachment-large size-large wp-image-414\" alt=\"\" srcset=\"https:\/\/www.denis-burell.com\/wp-content\/uploads\/2024\/09\/R-13309112-1551815556-8705.jpg 599w, https:\/\/www.denis-burell.com\/wp-content\/uploads\/2024\/09\/R-13309112-1551815556-8705-300x265.jpg 300w\" sizes=\"(max-width: 599px) 100vw, 599px\" \/>\t\t\t\t\t\t\t\t\t\t\t\t\t\t\t<\/div>\n\t\t\t\t<\/div>\n\t\t\t\t<\/div>\n\t\t<div class=\"elementor-element elementor-element-d0655a6 e-con-full e-flex e-con e-child\" data-id=\"d0655a6\" data-element_type=\"container\" data-e-type=\"container\">\n\t\t\t\t<div class=\"elementor-element elementor-element-10c6fd8 elementor-widget elementor-widget-text-editor\" data-id=\"10c6fd8\" data-element_type=\"widget\" data-e-type=\"widget\" data-widget_type=\"text-editor.default\">\n\t\t\t\t<div class=\"elementor-widget-container\">\n\t\t\t\t\t\t\t\t\t<p>Une de ses compositions<strong> \u201cLa Nostalgique\u201d<\/strong> cr\u00e9\u00e9e pour l\u2019accord\u00e9onniste <strong>Alain Chapelain<\/strong> est int\u00e9gr\u00e9e dans le film<strong> \u201cLe Havre\u201d d\u2019Aki Kaurism\u00e4ki<\/strong> prim\u00e9 \u00e0 Cannes et \u00e0 l\u2019international.<\/p><p>Signe les arrangements du l\u2019album<a href=\"https:\/\/www.youtube.com\/watch?v=-QIIqWjnA9c&amp;ab_channel=ericlann%C3%A9e\"> \u201ctous l\u2019idiot de quelqu\u2019un\u201d<\/a> de l\u2019auteur, compositeur <strong>Eric Lann\u00e9e.\u00a0<br \/><\/strong>Aussi du LP 6 titres<strong> \u201cswing mania\u201d<\/strong> de la chanteuse <strong>Edith Reyboubet.<\/strong><br \/>Musicien\/clavi\u00e9riste de l\u2019album<strong> Kompa Kompa.<\/strong><\/p>\t\t\t\t\t\t\t\t<\/div>\n\t\t\t\t<\/div>\n\t\t\t\t<\/div>\n\t\t\t\t\t<\/div>\n\t\t\t\t<\/div>\n\t\t<div class=\"elementor-element elementor-element-203ff3b e-flex e-con-boxed e-con e-parent\" data-id=\"203ff3b\" data-element_type=\"container\" data-e-type=\"container\">\n\t\t\t\t\t<div class=\"e-con-inner\">\n\t\t\t\t<div class=\"elementor-element elementor-element-dce8ba3 elementor-widget-divider--view-line elementor-widget elementor-widget-divider\" data-id=\"dce8ba3\" data-element_type=\"widget\" data-e-type=\"widget\" data-widget_type=\"divider.default\">\n\t\t\t\t<div class=\"elementor-widget-container\">\n\t\t\t\t\t\t\t<div class=\"elementor-divider\">\n\t\t\t<span class=\"elementor-divider-separator\">\n\t\t\t\t\t\t<\/span>\n\t\t<\/div>\n\t\t\t\t\t\t<\/div>\n\t\t\t\t<\/div>\n\t\t\t\t\t<\/div>\n\t\t\t\t<\/div>\n\t\t<div class=\"elementor-element elementor-element-c985ace e-grid e-con-boxed e-con e-parent\" data-id=\"c985ace\" data-element_type=\"container\" data-e-type=\"container\">\n\t\t\t\t\t<div class=\"e-con-inner\">\n\t\t\t\t<div class=\"elementor-element elementor-element-4b436fd elementor-widget elementor-widget-text-editor\" data-id=\"4b436fd\" data-element_type=\"widget\" data-e-type=\"widget\" data-widget_type=\"text-editor.default\">\n\t\t\t\t<div class=\"elementor-widget-container\">\n\t\t\t\t\t\t\t\t\t<p>Actuellement, cr\u00e9ations et arrangements p\u00e9dagogiques pour ensemble de percussions, duos guitare\/piano et piano 4 mains interpr\u00e9t\u00e9es dans des \u00e9coles de musique et en concert \u00e9dit\u00e9es chez <a href=\"https:\/\/www.profs-edition.com\/search?q=burel\">www.profs-\u00e9ditions.com .<\/a><\/p>\t\t\t\t\t\t\t\t<\/div>\n\t\t\t\t<\/div>\n\t\t\t\t<div class=\"elementor-element elementor-element-48bd043 elementor-widget elementor-widget-image\" data-id=\"48bd043\" data-element_type=\"widget\" data-e-type=\"widget\" data-widget_type=\"image.default\">\n\t\t\t\t<div class=\"elementor-widget-container\">\n\t\t\t\t\t\t\t\t\t\t\t\t\t\t\t<img loading=\"lazy\" decoding=\"async\" width=\"245\" height=\"140\" src=\"https:\/\/www.denis-burell.com\/wp-content\/uploads\/2024\/09\/profs-edition-logo.jpg\" class=\"attachment-large size-large wp-image-415\" alt=\"\" \/>\t\t\t\t\t\t\t\t\t\t\t\t\t\t\t<\/div>\n\t\t\t\t<\/div>\n\t\t\t\t\t<\/div>\n\t\t\t\t<\/div>\n\t\t<div class=\"elementor-element elementor-element-1aeb3b0 e-grid e-con-boxed elementor-invisible e-con e-parent\" data-id=\"1aeb3b0\" data-element_type=\"container\" data-e-type=\"container\" data-settings=\"{&quot;background_background&quot;:&quot;classic&quot;,&quot;animation&quot;:&quot;fadeIn&quot;}\">\n\t\t\t\t\t<div class=\"e-con-inner\">\n\t\t\t\t<div class=\"elementor-element elementor-element-b066ac9 elementor-widget elementor-widget-image\" data-id=\"b066ac9\" data-element_type=\"widget\" data-e-type=\"widget\" data-widget_type=\"image.default\">\n\t\t\t\t<div class=\"elementor-widget-container\">\n\t\t\t\t\t\t\t\t\t\t\t\t\t\t\t<img loading=\"lazy\" decoding=\"async\" width=\"300\" height=\"300\" src=\"https:\/\/www.denis-burell.com\/wp-content\/uploads\/2024\/09\/DB-trio-3000px-72dpi-300x300.jpg\" class=\"attachment-medium size-medium wp-image-416\" alt=\"\" srcset=\"https:\/\/www.denis-burell.com\/wp-content\/uploads\/2024\/09\/DB-trio-3000px-72dpi-300x300.jpg 300w, https:\/\/www.denis-burell.com\/wp-content\/uploads\/2024\/09\/DB-trio-3000px-72dpi-1024x1024.jpg 1024w, https:\/\/www.denis-burell.com\/wp-content\/uploads\/2024\/09\/DB-trio-3000px-72dpi-150x150.jpg 150w, https:\/\/www.denis-burell.com\/wp-content\/uploads\/2024\/09\/DB-trio-3000px-72dpi-768x768.jpg 768w, https:\/\/www.denis-burell.com\/wp-content\/uploads\/2024\/09\/DB-trio-3000px-72dpi-1536x1536.jpg 1536w, https:\/\/www.denis-burell.com\/wp-content\/uploads\/2024\/09\/DB-trio-3000px-72dpi-2048x2048.jpg 2048w, https:\/\/www.denis-burell.com\/wp-content\/uploads\/2024\/09\/DB-trio-3000px-72dpi-100x100.jpg 100w\" sizes=\"(max-width: 300px) 100vw, 300px\" \/>\t\t\t\t\t\t\t\t\t\t\t\t\t\t\t<\/div>\n\t\t\t\t<\/div>\n\t\t\t\t<div class=\"elementor-element elementor-element-da070c8 elementor-widget elementor-widget-text-editor\" data-id=\"da070c8\" data-element_type=\"widget\" data-e-type=\"widget\" data-widget_type=\"text-editor.default\">\n\t\t\t\t<div class=\"elementor-widget-container\">\n\t\t\t\t\t\t\t\t\t<p>Compositions jazz dans le <strong>Denis Burell Trio<\/strong> dans l\u2019album<strong> <a href=\"https:\/\/www.denis-burell.com\/index.php\/trio-jazz\/\">\u201c\u00e9motions jazz\u201d<\/a><\/strong> sur les plateformes de diffusion.<\/p>\t\t\t\t\t\t\t\t<\/div>\n\t\t\t\t<\/div>\n\t\t\t\t\t<\/div>\n\t\t\t\t<\/div>\n\t\t\t\t<\/div>\n\t\t","protected":false},"excerpt":{"rendered":"<p>Premi\u00e8res compositions d\u00e8s l\u2019\u00e2ge de 11 ans sous forme de petites valses et marches puis adolescent quelques \u0153uvres plus solennelles comme un Largo et un [&hellip;]<\/p>\n","protected":false},"author":1,"featured_media":0,"parent":0,"menu_order":0,"comment_status":"closed","ping_status":"closed","template":"elementor_header_footer","meta":{"om_disable_all_campaigns":false,"_monsterinsights_skip_tracking":false,"_monsterinsights_sitenote_active":false,"_monsterinsights_sitenote_note":"","_monsterinsights_sitenote_category":0,"footnotes":""},"class_list":["post-37","page","type-page","status-publish","hentry"],"aioseo_notices":[],"_links":{"self":[{"href":"https:\/\/www.denis-burell.com\/index.php\/wp-json\/wp\/v2\/pages\/37","targetHints":{"allow":["GET"]}}],"collection":[{"href":"https:\/\/www.denis-burell.com\/index.php\/wp-json\/wp\/v2\/pages"}],"about":[{"href":"https:\/\/www.denis-burell.com\/index.php\/wp-json\/wp\/v2\/types\/page"}],"author":[{"embeddable":true,"href":"https:\/\/www.denis-burell.com\/index.php\/wp-json\/wp\/v2\/users\/1"}],"replies":[{"embeddable":true,"href":"https:\/\/www.denis-burell.com\/index.php\/wp-json\/wp\/v2\/comments?post=37"}],"version-history":[{"count":35,"href":"https:\/\/www.denis-burell.com\/index.php\/wp-json\/wp\/v2\/pages\/37\/revisions"}],"predecessor-version":[{"id":428,"href":"https:\/\/www.denis-burell.com\/index.php\/wp-json\/wp\/v2\/pages\/37\/revisions\/428"}],"wp:attachment":[{"href":"https:\/\/www.denis-burell.com\/index.php\/wp-json\/wp\/v2\/media?parent=37"}],"curies":[{"name":"wp","href":"https:\/\/api.w.org\/{rel}","templated":true}]}}